{"id":484,"date":"2023-03-23T16:04:49","date_gmt":"2023-03-23T16:04:49","guid":{"rendered":"https:\/\/www.przyjaznynurt.ur.edu.pl\/strona-glowna\/"},"modified":"2023-11-21T10:35:44","modified_gmt":"2023-11-21T10:35:44","slug":"strona-glowna","status":"publish","type":"page","link":"https:\/\/www.przyjaznynurt.ur.edu.pl\/en\/","title":{"rendered":"Strona g\u0142\u00f3wna"},"content":{"rendered":"    <div class=\"container\">\r\n        <div class=\"banner\">\r\n            <img decoding=\"async\" src=\"https:\/\/www.przyjaznynurt.ur.edu.pl\/wp-content\/uploads\/2023\/03\/banner1-1576x703.jpg\" alt=\"\">\r\n            <div class=\"banner_text\">\r\n              <h1>Platforma<br>edukacyjna<br>\r\n            <span class=\"blue\">przyjazny nURt<\/span><\/h1>\r\n            <\/div>\r\n        <\/div>\r\n    <\/div>\r\n\n\n<div class=\"\">\n\n    \n    <div class=\"experts_sec\">\n    <div class=\"container\">               \n        <div class=\"row\">\n                <div class=\"col-xxl-6 col-xl-6 col-lg-6 col-md-12 col-sm-12\">\n                <h2>Nasi eksperci<\/h2>\n                <\/div>\n                <div class=\"col-xxl-6 col-xl-6 col-lg-6 col-md-12 col-sm-12\">\n\n                    \n                <a href=\"#\">\n\n                <div class=\"sec_right\">O projekcie  <img decoding=\"async\" src=\"https:\/\/www.przyjaznynurt.ur.edu.pl\/wp-content\/themes\/nurt\/images\/arrow_right.svg\" alt=\"\"> <\/div>\n\n                <\/a>                <\/div>\n        <\/div>\n\n        <div class=\"row no_not_slider\">\n\n                        \n                        <div class=\"col main_sec\">\n                            <div class=\"experts_img\">\n                            <img decoding=\"async\" src=\"https:\/\/www.przyjaznynurt.ur.edu.pl\/wp-content\/uploads\/2023\/03\/exp2-291x325.png\" class=\"img_all\" alt=\"\">\n                            <\/div>\n                            <a href=\"https:\/\/www.przyjaznynurt.ur.edu.pl\/en\/nasi_eksperci\/joanna-fularz\/\">\n                            <div class=\"experts_text main_sec_box\">\n                                <div class=\"experts_text1\">Joanna Fularz<\/div>\n                                <div class=\"experts_text2\">Psycholog<\/div>\n                            <\/div>\n                            <\/a>\n                        <\/div>\n                        \n                        <div class=\"col main_sec\">\n                            <div class=\"experts_img\">\n                            <img decoding=\"async\" src=\"https:\/\/www.przyjaznynurt.ur.edu.pl\/wp-content\/uploads\/2023\/03\/exp1-291x325.png\" class=\"img_all\" alt=\"\">\n                            <\/div>\n                            <a href=\"https:\/\/www.przyjaznynurt.ur.edu.pl\/en\/nasi_eksperci\/malgorzata-zaborniak-sobczak\/\">\n                            <div class=\"experts_text main_sec_box\">\n                                <div class=\"experts_text1\">Ma\u0142gorzata Zaborniak-Sobczak<\/div>\n                                <div class=\"experts_text2\">Pedagog<\/div>\n                            <\/div>\n                            <\/a>\n                        <\/div>\n                        \n                        <div class=\"col main_sec\">\n                            <div class=\"experts_img\">\n                            <img decoding=\"async\" src=\"https:\/\/www.przyjaznynurt.ur.edu.pl\/wp-content\/uploads\/2023\/03\/IM-291x325.png\" class=\"img_all\" alt=\"\">\n                            <\/div>\n                            <a href=\"https:\/\/www.przyjaznynurt.ur.edu.pl\/en\/nasi_eksperci\/izabela-marczykowska\/\">\n                            <div class=\"experts_text main_sec_box\">\n                                <div class=\"experts_text1\">Izabela Marczykowska<\/div>\n                                <div class=\"experts_text2\">Logopeda<\/div>\n                            <\/div>\n                            <\/a>\n                        <\/div>\n                        \n                        <div class=\"col main_sec\">\n                            <div class=\"experts_img\">\n                            <img decoding=\"async\" src=\"https:\/\/www.przyjaznynurt.ur.edu.pl\/wp-content\/uploads\/2023\/03\/exp4-291x325.png\" class=\"img_all\" alt=\"\">\n                            <\/div>\n                            <a href=\"https:\/\/www.przyjaznynurt.ur.edu.pl\/en\/nasi_eksperci\/katarzyna-walicka-cuprys\/\">\n                            <div class=\"experts_text main_sec_box\">\n                                <div class=\"experts_text1\">Katarzyna Walicka-Cupry\u015b<\/div>\n                                <div class=\"experts_text2\">Fizjoterapeuta<\/div>\n                            <\/div>\n                            <\/a>\n                        <\/div>\n                        \n                        <div class=\"col main_sec\">\n                            <div class=\"experts_img\">\n                            <img decoding=\"async\" src=\"https:\/\/www.przyjaznynurt.ur.edu.pl\/wp-content\/uploads\/2023\/03\/KK-1-291x325.png\" class=\"img_all\" alt=\"\">\n                            <\/div>\n                            <a href=\"https:\/\/www.przyjaznynurt.ur.edu.pl\/en\/nasi_eksperci\/karolina-kozlowska\/\">\n                            <div class=\"experts_text main_sec_box\">\n                                <div class=\"experts_text1\">Karolina Koz\u0142owska<\/div>\n                                <div class=\"experts_text2\">Ekspert ds dost\u0119pno\u015bci architektonicznej<\/div>\n                            <\/div>\n                            <\/a>\n                        <\/div>\n                \n        <\/div>\n\n\n\n        <div class=\"row no_slider \">\n\n        <div class=\"col-md-12\">\n\n        <div class=\"featured-carousel owl-carousel\">\n\n        \n            <div class=\"item main_sec\">      \n                <div class=\"experts_img\">\n                <img decoding=\"async\" src=\"https:\/\/www.przyjaznynurt.ur.edu.pl\/wp-content\/uploads\/2023\/03\/exp2-291x325.png\" class=\"img_all\" alt=\"\">\n                <\/div>\n                <a href=\"https:\/\/www.przyjaznynurt.ur.edu.pl\/en\/nasi_eksperci\/joanna-fularz\/\">\n                <div class=\"experts_text main_sec_box\">\n                <div class=\"experts_text1\">Joanna Fularz<\/div>\n                <div class=\"experts_text2\">Psycholog<\/div>\n                <\/div>\n                <\/a>\n            <\/div>\n            \n            <div class=\"item main_sec\">      \n                <div class=\"experts_img\">\n                <img decoding=\"async\" src=\"https:\/\/www.przyjaznynurt.ur.edu.pl\/wp-content\/uploads\/2023\/03\/exp1-291x325.png\" class=\"img_all\" alt=\"\">\n                <\/div>\n                <a href=\"https:\/\/www.przyjaznynurt.ur.edu.pl\/en\/nasi_eksperci\/malgorzata-zaborniak-sobczak\/\">\n                <div class=\"experts_text main_sec_box\">\n                <div class=\"experts_text1\">Ma\u0142gorzata Zaborniak-Sobczak<\/div>\n                <div class=\"experts_text2\">Pedagog<\/div>\n                <\/div>\n                <\/a>\n            <\/div>\n            \n            <div class=\"item main_sec\">      \n                <div class=\"experts_img\">\n                <img decoding=\"async\" src=\"https:\/\/www.przyjaznynurt.ur.edu.pl\/wp-content\/uploads\/2023\/03\/IM-291x325.png\" class=\"img_all\" alt=\"\">\n                <\/div>\n                <a href=\"https:\/\/www.przyjaznynurt.ur.edu.pl\/en\/nasi_eksperci\/izabela-marczykowska\/\">\n                <div class=\"experts_text main_sec_box\">\n                <div class=\"experts_text1\">Izabela Marczykowska<\/div>\n                <div class=\"experts_text2\">Logopeda<\/div>\n                <\/div>\n                <\/a>\n            <\/div>\n            \n            <div class=\"item main_sec\">      \n                <div class=\"experts_img\">\n                <img decoding=\"async\" src=\"https:\/\/www.przyjaznynurt.ur.edu.pl\/wp-content\/uploads\/2023\/03\/exp4-291x325.png\" class=\"img_all\" alt=\"\">\n                <\/div>\n                <a href=\"https:\/\/www.przyjaznynurt.ur.edu.pl\/en\/nasi_eksperci\/katarzyna-walicka-cuprys\/\">\n                <div class=\"experts_text main_sec_box\">\n                <div class=\"experts_text1\">Katarzyna Walicka-Cupry\u015b<\/div>\n                <div class=\"experts_text2\">Fizjoterapeuta<\/div>\n                <\/div>\n                <\/a>\n            <\/div>\n            \n            <div class=\"item main_sec\">      \n                <div class=\"experts_img\">\n                <img decoding=\"async\" src=\"https:\/\/www.przyjaznynurt.ur.edu.pl\/wp-content\/uploads\/2023\/03\/KK-1-291x325.png\" class=\"img_all\" alt=\"\">\n                <\/div>\n                <a href=\"https:\/\/www.przyjaznynurt.ur.edu.pl\/en\/nasi_eksperci\/karolina-kozlowska\/\">\n                <div class=\"experts_text main_sec_box\">\n                <div class=\"experts_text1\">Karolina Koz\u0142owska<\/div>\n                <div class=\"experts_text2\">Ekspert ds dost\u0119pno\u015bci architektonicznej<\/div>\n                <\/div>\n                <\/a>\n            <\/div>\n            \n\n        <\/div>\n        <\/div>\n        <\/div>\n\n    <\/div>\n    <\/div>\n\n    \n\n<\/div>\n\n<div class=\"\">\n\n    \n            \n    \n\n<\/div>\n\n\n        <div class=\"\">\n\n\n        <div class=\"kontakt_sec\">\n                              <ul class=\"row\">\n                        <li class=\"col-xxl-6 col-xl-6 col-lg-6 col-md-12 col-sm-12 main_sec\">\n                              <div class=\"kontakt_bg main_sec_box\">\n                                                                  <h2>Kontakt<\/h2>\n                                                                Biuro ds. Os\u00f3b z Niepe\u0142nosprawno\u015bciami\r\nUniwersytetu Rzeszowskiego\n                                <br>\n                                <br>\n\n                                                                <div class=\"address\">\n                                <div class=\"address1\">Adres <\/div>\n                                <div class=\"address2\"> 35-959 Rzesz\u00f3w, ul. Pigonia 6, pok.2 (Budynek A4 obok Biblioteki UR)<\/div>\n                                <\/div>\n                                                                                                <div class=\"address\">\n                                <div class=\"address1\">Telephone<\/div>\n                                <div class=\"address2\">017 872-10-31<\/div>\n                                <\/div>\n                                                                                                <div class=\"address\">\n                                <div class=\"address1\">e-mail<\/div>\n                                <div class=\"address2\"><a href=\"mailto:bon@ur.edu.pl\">bon@ur.edu.pl<\/a><\/div>\n                                <\/div>\n                                                                                                <div class=\"address\">\n                                <div class=\"address1\">opening hours <\/div>\n                                <div class=\"address2\"> poniedzia\u0142ek &#8211; pi\u0105tek: od 8:00 &#8211; 16:00<\/div>\n                                <\/div>\n                                                              <\/div>\n                        <\/li>\n                        <li class=\"col-xxl-6 col-xl-6 col-lg-6 col-md-12 col-sm-12 main_sec\">\n\n                        <div class=\"kontakt_map main_sec_box \" id=\"mapTematyczneacc-block_0d39448ae73b751a62936dd05bc2fffb\"><\/div>\n\n                        <\/li>\n                    <\/ul>\n              <\/div>\n\n                      \n\n       \n<\/div>         \n\n<link\n      rel=\"stylesheet\"\n      href=\"https:\/\/unpkg.com\/leaflet@1.7.1\/dist\/leaflet.css\"\n      integrity=\"sha384-VzLXTJGPSyTLX6d96AxgkKvE\/LRb7ECGyTxuwtpjHnVWVZs2gp5RDjeM\/tgBnVdM\"\n      crossorigin=\"anonymous\"\n    \/>\n\n   <script\n      src=\"https:\/\/unpkg.com\/jquery@3.6.0\/dist\/jquery.min.js\"\n      integrity=\"sha384-vtXRMe3mGCbOeY7l30aIg8H9p3GdeSe4IFlP6G8JMa7o7lXvnz3GFKzPxzJdPfGK\"\n      crossorigin=\"anonymous\"\n    ><\/script>\n    <script\n      src=\"https:\/\/unpkg.com\/leaflet@1.7.1\/dist\/leaflet.js\"\n      integrity=\"sha384-RFZC58YeKApoNsIbBxf4z6JJXmh+geBSgkCQXFyh+4tiFSJmJBt+2FbjxW7Ar16M\"\n      crossorigin=\"anonymous\"\n    ><\/script>\n      \n    <script src=\"https:\/\/unpkg.com\/leaflet.vectorgrid@1.2.0\"><\/script>\n\n    <script type='text\/javascript'>\n\nvar map = L.map('mapTematyczneacc-block_0d39448ae73b751a62936dd05bc2fffb', {\n  center: [50.0303074, 22.0155799],\n  minZoom: 6,\n  zoom: 6,\n  zoomControl: false,\n})\n\nL.tileLayer('https:\/\/{s}.tile.jawg.io\/jawg-light\/{z}\/{x}\/{y}{r}.png?access-token=WTliDgFmseA1cM0joqThi1oXuj3x27C6JvFTLLuqMQewrl8xhNYoryl0cljHEEVO', {\n  attribution:\n    '&copy; <a href=\"https:\/\/www.openstreetmap.org\/copyright\">OpenStreetMap<\/a>',\n  subdomains: ['a', 'b', 'c'],\n}).addTo(map)\n\nvar myIcon = L.icon({\n  iconUrl: 'https:\/\/www.przyjaznynurt.ur.edu.pl\/wp-content\/themes\/nurt\/images\/marker.png',\n  iconRetinaUrl: 'https:\/\/www.przyjaznynurt.ur.edu.pl\/wp-content\/themes\/nurt\/images\/marker.png',\n  iconSize: [25, 40],\n  iconAnchor: [9, 21],\n  popupAnchor: [0, -14],\n})\n   \/\/ $('.tematyczne').each(function(i, obj) {\n    var lat = parseFloat(50.0303074);\n    var lng = parseFloat(22.0155799);\n    var mk = L.marker([lat, lng], { icon: myIcon , clickable: true }).addTo(map);\n    \/\/mk.myID = i;\n   \n    \/\/markersLayer.addLayer(mk);\n\/\/});\n<\/script>","protected":false},"excerpt":{"rendered":"","protected":false},"author":1,"featured_media":0,"parent":0,"menu_order":0,"comment_status":"closed","ping_status":"closed","template":"page-templates\/template-home-page.php","meta":{"inline_featured_image":false,"footnotes":"","_links_to":"","_links_to_target":""},"class_list":["post-484","page","type-page","status-publish","hentry"],"acf":[],"_links":{"self":[{"href":"https:\/\/www.przyjaznynurt.ur.edu.pl\/en\/wp-json\/wp\/v2\/pages\/484","targetHints":{"allow":["GET"]}}],"collection":[{"href":"https:\/\/www.przyjaznynurt.ur.edu.pl\/en\/wp-json\/wp\/v2\/pages"}],"about":[{"href":"https:\/\/www.przyjaznynurt.ur.edu.pl\/en\/wp-json\/wp\/v2\/types\/page"}],"author":[{"embeddable":true,"href":"https:\/\/www.przyjaznynurt.ur.edu.pl\/en\/wp-json\/wp\/v2\/users\/1"}],"replies":[{"embeddable":true,"href":"https:\/\/www.przyjaznynurt.ur.edu.pl\/en\/wp-json\/wp\/v2\/comments?post=484"}],"version-history":[{"count":2,"href":"https:\/\/www.przyjaznynurt.ur.edu.pl\/en\/wp-json\/wp\/v2\/pages\/484\/revisions"}],"predecessor-version":[{"id":522,"href":"https:\/\/www.przyjaznynurt.ur.edu.pl\/en\/wp-json\/wp\/v2\/pages\/484\/revisions\/522"}],"wp:attachment":[{"href":"https:\/\/www.przyjaznynurt.ur.edu.pl\/en\/wp-json\/wp\/v2\/media?parent=484"}],"curies":[{"name":"wp","href":"https:\/\/api.w.org\/{rel}","templated":true}]}}